{"id":32,"date":"2011-02-05T14:41:05","date_gmt":"2011-02-05T14:41:05","guid":{"rendered":"http:\/\/www.pd-drava.hr\/index.php\/"},"modified":"2024-04-02T08:44:20","modified_gmt":"2024-04-02T08:44:20","slug":"sponzori","status":"publish","type":"page","link":"https:\/\/www.pd-drava.hr\/index.php\/sponzori\/","title":{"rendered":"Sponzori i donatori"},"content":{"rendered":"\t\t<div data-elementor-type=\"wp-page\" data-elementor-id=\"32\" class=\"elementor elementor-32\">\n\t\t\t\t\t\t<section class=\"elementor-section elementor-top-section elementor-element elementor-element-357217a7 elementor-section-boxed elementor-section-height-default elementor-section-height-default\" data-id=\"357217a7\" data-element_type=\"section\">\n\t\t\t\t\t\t<div class=\"elementor-container elementor-column-gap-default\">\n\t\t\t\t\t<div class=\"elementor-column elementor-col-100 elementor-top-column elementor-element elementor-element-5d4d2d6b\" data-id=\"5d4d2d6b\" data-element_type=\"column\">\n\t\t\t<div class=\"elementor-widget-wrap elementor-element-populated\">\n\t\t\t\t\t\t<div class=\"elementor-element elementor-element-127c063f elementor-widget elementor-widget-text-editor\" data-id=\"127c063f\" data-element_type=\"widget\" data-widget_type=\"text-editor.default\">\n\t\t\t\t<div class=\"elementor-widget-container\">\n\t\t\t\t\t\t\t\t\t<div>Sponzori:<\/div><div>\u00a0<\/div><ul><li><strong>Veleposlanstvo \u00a0Kraljevine \u00a0Nizozemske<\/strong><br \/>Ovaj projekt realiziran je uz pomo\u0107 Veleposlanstva Kraljevine Nizozemske u Republici Hrvatskoj, u okviru MATRA\/KNIP programa. This Project was supported by the Embassy of the Kingdom of the Netherlands in the Republic of Croatia, in the framework of MATRA\/KNIP programme.<\/li><\/ul><ul><li><strong>Paneli Matasi\u0107<\/strong><br \/>Paneli Matasi\u0107 donirali su sredstva za izradu i postavljanje ku\u0107ica za ptice koje smo postavili u gradskom parku u Virovitici.<br \/><a href=\"http:\/\/www.paneli-matasic.hr\" target=\"_blank\" rel=\"noopener\">www.paneli-matasic.hr<\/a><\/li><\/ul><ul><li><strong>Ministarstvo kulture<\/strong><\/li><\/ul><ul><li><strong>MIDNEL Internetski servisi<\/strong><br \/>Zahvaljujemo na Web hostingu tvrtki MIDNEL d.o.o. &#8211; Slatina.<br \/><a href=\"http:\/\/www.midnel.hr\" target=\"_blank\" rel=\"noopener\">www.midnel.hr<\/a><\/li><\/ul><div><div>Donatori:<\/div><div>\u00a0<\/div><div class=\"message_ccca67 cozyMessage__9f4fd wrapper_a62503 cozy_f5c119 zalgo__39311\" tabindex=\"-1\" role=\"article\" data-list-item-id=\"chat-messages___chat-messages-747533841362845747-1224617409969913889\" aria-setsize=\"-1\" aria-roledescription=\"Message\" aria-labelledby=\"message-username-1224617201458483211 uid_1 message-content-1224617409969913889 uid_2 message-timestamp-1224617409969913889\"><div class=\"contents_d3ae0d\"><ul><li id=\"message-content-1224617409969913889\" class=\"markup_a7e664 messageContent_abea64\">Bernard Weiser &#8211; Lebende Erde im Vulkanland A-8345 Staint bei Straden 80, www.blauracke.at www.batur.vulkanland.at<\/li><\/ul><\/div><div class=\"buttonContainer__6de7e\"><div class=\"buttons__36852 container__2f489\" role=\"group\" aria-label=\"Message Actions\"><div class=\"buttonsInner_a9dfff wrapper__4e6b6\"><ul><li class=\"button_d4bf9b\" tabindex=\"0\" role=\"button\" aria-label=\"Add Reaction\" aria-expanded=\"false\">WWF Austria, Ottakringer strasse 114-116, 1160 Vienna, Austria<\/li><\/ul><\/div><\/div><\/div><\/div><\/div>\t\t\t\t\t\t\t\t<\/div>\n\t\t\t\t<\/div>\n\t\t\t\t\t<\/div>\n\t\t<\/div>\n\t\t\t\t\t<\/div>\n\t\t<\/section>\n\t\t\t\t<section class=\"elementor-section elementor-top-section elementor-element elementor-element-cc6a390 elementor-section-boxed elementor-section-height-default elementor-section-height-default\" data-id=\"cc6a390\" data-element_type=\"section\">\n\t\t\t\t\t\t<div class=\"elementor-container elementor-column-gap-default\">\n\t\t\t\t\t<div class=\"elementor-column elementor-col-100 elementor-top-column elementor-element elementor-element-a7c313f\" data-id=\"a7c313f\" data-element_type=\"column\">\n\t\t\t<div class=\"elementor-widget-wrap elementor-element-populated\">\n\t\t\t\t\t\t\t<\/div>\n\t\t<\/div>\n\t\t\t\t\t<\/div>\n\t\t<\/section>\n\t\t\t\t<\/div>\n\t\t","protected":false},"excerpt":{"rendered":"<p>Sponzori:\u00a0 Veleposlanstvo \u00a0Kraljevine \u00a0NizozemskeOvaj projekt realiziran je uz pomo\u0107 Veleposlanstva Kraljevine Nizozemske u Republici Hrvatskoj, u okviru MATRA\/KNIP programa. This Project was supported by the Embassy of the Kingdom of the Netherlands in the Republic of Croatia, in the framework of MATRA\/KNIP programme. Paneli Matasi\u0107Paneli Matasi\u0107 donirali su sredstva za izradu i postavljanje ku\u0107ica za&#8230;<\/p>\n","protected":false},"author":2,"featured_media":0,"parent":0,"menu_order":0,"comment_status":"closed","ping_status":"closed","template":"","meta":{"ngg_post_thumbnail":0,"footnotes":""},"class_list":["post-32","page","type-page","status-publish","hentry"],"_links":{"self":[{"href":"https:\/\/www.pd-drava.hr\/index.php\/wp-json\/wp\/v2\/pages\/32","targetHints":{"allow":["GET"]}}],"collection":[{"href":"https:\/\/www.pd-drava.hr\/index.php\/wp-json\/wp\/v2\/pages"}],"about":[{"href":"https:\/\/www.pd-drava.hr\/index.php\/wp-json\/wp\/v2\/types\/page"}],"author":[{"embeddable":true,"href":"https:\/\/www.pd-drava.hr\/index.php\/wp-json\/wp\/v2\/users\/2"}],"replies":[{"embeddable":true,"href":"https:\/\/www.pd-drava.hr\/index.php\/wp-json\/wp\/v2\/comments?post=32"}],"version-history":[{"count":0,"href":"https:\/\/www.pd-drava.hr\/index.php\/wp-json\/wp\/v2\/pages\/32\/revisions"}],"wp:attachment":[{"href":"https:\/\/www.pd-drava.hr\/index.php\/wp-json\/wp\/v2\/media?parent=32"}],"curies":[{"name":"wp","href":"https:\/\/api.w.org\/{rel}","templated":true}]}}