{"id":15,"date":"2011-02-04T15:33:50","date_gmt":"2011-02-04T15:33:50","guid":{"rendered":"http:\/\/www.pd-drava.hr\/index.php\/"},"modified":"2023-09-08T17:57:52","modified_gmt":"2023-09-08T17:57:52","slug":"o-udruzi-pd-drava-2","status":"publish","type":"page","link":"https:\/\/www.pd-drava.hr\/index.php\/o-udruzi-pd-drava-2\/","title":{"rendered":"O udruzi PD Drava"},"content":{"rendered":"<p style=\"text-align: justify;\"><img decoding=\"async\" class=\"alignleft\" title=\"logo pd drava\" src=\"http:\/\/www.pd-drava.hr\/wp-content\/uploads\/2011\/02\/logo_drava2.jpg\" alt=\"\" width=\"124\" height=\"143\" align=\"left\"> Prirodoslovno dru\u0161tvo \u00abDrava\u00bb je osnovano 1996. god. sa sjedi\u0161tem u Virovitici, a djeluje na podru\u010dju Republike Hrvatske. Osnovni ciljevi rada se ostvaruju kroz prikupljanje i sistematizaciju podataka o biljnim i \u017eivotinjskim vrstama, razvijanju i \u0161irenju znanja o prirodi i okoli\u0161u te njihovoj za\u0161titi. \u010clanovi udruge su prvenstveno anga\u017eirani u projektima za\u0161tite prirode, a suradnja s drugima prelazi granice na\u0161e zemlje. Posebno je zna\u010dajna suradnja s ma\u0111arskim, slovenskim i austrijskim znanstvenicima i udrugama.<\/p>\n<p style=\"text-align: justify;\">Pored niza svakodnevnih aktivnosti u istra\u017eivanju i za\u0161titi okoli\u0161a na podru\u010dju rijeke Drave, posebno isti\u010demo sljede\u0107e zna\u010dajne rezultate u radu:<\/p>\n<ol style=\"text-align: justify;\">\n<li><strong>Na me\u0111unarodnoj razini<br \/>\n<\/strong>Kao \u010dlanica Dravske lige Prirodoslovno dru\u0161tvo \u00abDrava\u00bb postalo je \u010dlan Dunavskog ekolo\u0161kog foruma za okoli\u0161 \u2013 DEF (Danube Environmental Forum) \u2013 mre\u017ee nevladinih organizacija za za\u0161titu Dunava. Glavni cilj Dunavskog regionalnog projekta &nbsp;je ostvariti Plan gospodarenja rije\u010dnim bazenom u skladu s okvirnom direktivom za vode Europske zajednice (Water Framework Directive). 2003. godine radili smo u prvoj fazi UNDP\/GEF Dunavskog regionalnog projekta (\u010dlan 1.4) na podru\u010dju \u017dupanijskog kanala u Viroviti\u010dko-podravskoj \u017eupaniji gdje smo sura\u0111ivali s WWF-om.2004. god. zajedno s znanstvenicima Nacionalnog parka \u00abDunav-Drava\u00bb iz Republike Ma\u0111arske organizirano provodimo inventarizaciju rijeke Drave. Prema na\u0161im podacima dobivenim tijekom pro\u0161logodi\u0161njeg djelomi\u010dnog istra\u017eivanja rijeke Drave relevantne institucije na europskoj i dr\u017eavnoj razini do\u0161le su do zaklju\u010dka da je rijeka Drava vrlo zna\u010dajna na europskom nivou te da ju je potrebno detaljno istra\u017eiti kao nedjeljivu cjelinu.<\/li>\n<li><strong>Na dr\u017eavnoj razini<br \/>\n<\/strong>S obzirom na na\u0161e rezultate u istra\u017eivanju i za\u0161titi rijeke Drave, Ured za udruge Vlade Republike Hrvatske financirao je 2002. god. projekt \u00abInventarizacija i kartiranje stani\u0161ta rijeke Drave Viroviti\u010dko-podravske \u017eupanije\u00bb. Viroviti\u010dko-podravska \u017eupanija je u skladu sa svojim mogu\u0107nostima pridonijela ostvarenju projekta. Ostvarenjem projekta u\u010dinjen je korak dalje u prikupljanju podataka o biljnim vrstama i stani\u0161tima rijeke Drave.U suradnji s op\u0107inom Pitoma\u010da i Hrvatskim vodama Vodogospodarskom ispostavom \u017dupanijski kanal Virovitica, tijekom 2001. god. pokrenut je projekt \u00abRevitalizacija mo\u010dvarnog stani\u0161ta Vir\u00bb u blizini Drave kod Pitoma\u010de koji je financirao Regional Environmental Centar. Zalaganjem \u010dlanova udruge skrenuta je pozornost na ugro\u017eeno mo\u010dvarno stani\u0161te \u00abVir\u00bb koje je poslije zajedno s jo\u0161 tri stani\u0161ta progla\u0161eno za\u0161ti\u0107enim krajolikom. Zahvatima u okoli\u0161u poku\u0161alo se spasiti stani\u0161te od isu\u0161ivanja. Projekt je uspje\u0161no proveden, a mo\u010dvarno stani\u0161te \u00abVir\u00bb je zahvaljuju\u0107i provedenoj revitalizaciji opstalo i u vrlo dobrom je stanju.<\/li>\n<li><strong>Na \u017eupanijskoj razini<\/strong><br \/>\nPrirodoslovno dru\u0161tvo \u00abDrava\u00bb je tijekom prethodne godine pokrenulo mnoge projekte koji se nastavljaju i traju vi\u0161e godina te prerastaju u programe za\u0161tite prirode koji ne samo da predstavljaju pozitivan primjer za Viroviti\u010dko-podravsku \u017eupaniju nego pridonose i ugledu na\u0161e zemlje u Europi. Na\u0161a \u017eupanija nije u mogu\u0107nosti financirati tako zahtjevne projekte za\u0161tite rijeke Drave jer iz svog prora\u010duna financira rad mnogih udruga, no podupire rad na\u0161e udruge. 2003. god. Prirodoslovno dru\u0161tvo \u00abDrava\u00bb primilo je javno priznanje \u017eupanije za svoj rad.<\/li>\n<\/ol>\n<p style=\"text-align: justify;\"><strong>Djelovanje Prirodoslovnog dru\u0161tva \u00abDrava\u00bb u okviru ispunjenja obveza RH za ulazak u EU<\/strong><\/p>\n<p style=\"text-align: justify;\">Izrada i provo\u0111enje programa Natura 2000 obveza je svake zemlje kandidata za ulazak u EU. Ulaskom u EU moraju biti istra\u017eena i predlo\u017eena podru\u010dja za Natura 2000 kao mre\u017ee ekolo\u0161ki va\u017enih podru\u010dja. Europskoj komisiji moraju biti dostavljeni podaci o vi\u0161egodi\u0161njem pra\u0107enju flore i faune na tim podru\u010djima. Dr\u017eavni zavod za za\u0161titu prirode odre\u0111en je za provedbu Nacionalnog programa monitoringa biolo\u0161ke raznolikosti (sustavno pra\u0107enje), ali za sada dr\u017eavne institucije ne financiraju projekte koji pridonose ostvarenju uspostavljanja ekolo\u0161ke mre\u017ee i monitoringa bioraznolikosti u Hrvatskoj. Me\u0111utim, ukoliko ne ispunimo obveze prema EU odre\u0111ene programom Natura 2000, Republika Hrvatska \u0107e biti obvezna pla\u0107ati velike kazne zbog neispunjavanja uvjeta.<\/p>\n<p style=\"text-align: justify;\">Dr\u017eavni zavod za za\u0161titu prirode i Zavod za ornitologiju Hrvatske akademije znanosti i umjetnosti podupiru Prirodoslovno dru\u0161tvo \u00abDrava\u00bb u nastojanju da provodi dio Nacionalnog programa monitoringa biolo\u0161ke raznolikosti na podru\u010dju rijeke Drave kroz vi\u0161e projekata. Projektom monitoringa populacija bregunica (Riparia riparia) i orla \u0161tekavca uklju\u010deni smo u Nacionalni program monitoringa biolo\u0161ke raznolikosti koji provodi Dr\u017eavni zavod za za\u0161titu prirode te smo postali aktivni sudionici u izradi Europske ekolo\u0161ke mre\u017ee Natura 2000.<\/p>\n","protected":false},"excerpt":{"rendered":"<p>Prirodoslovno dru\u0161tvo \u00abDrava\u00bb je osnovano 1996. god. sa sjedi\u0161tem u Virovitici, a djeluje na podru\u010dju Republike Hrvatske. Osnovni ciljevi rada se ostvaruju kroz prikupljanje i sistematizaciju podataka o biljnim i \u017eivotinjskim vrstama, razvijanju i \u0161irenju znanja o prirodi i okoli\u0161u te njihovoj za\u0161titi. \u010clanovi udruge su prvenstveno anga\u017eirani u projektima za\u0161tite prirode, a suradnja s&#8230;<\/p>\n","protected":false},"author":2,"featured_media":0,"parent":0,"menu_order":0,"comment_status":"closed","ping_status":"closed","template":"","meta":{"ngg_post_thumbnail":0,"footnotes":""},"class_list":["post-15","page","type-page","status-publish","hentry"],"_links":{"self":[{"href":"https:\/\/www.pd-drava.hr\/index.php\/wp-json\/wp\/v2\/pages\/15","targetHints":{"allow":["GET"]}}],"collection":[{"href":"https:\/\/www.pd-drava.hr\/index.php\/wp-json\/wp\/v2\/pages"}],"about":[{"href":"https:\/\/www.pd-drava.hr\/index.php\/wp-json\/wp\/v2\/types\/page"}],"author":[{"embeddable":true,"href":"https:\/\/www.pd-drava.hr\/index.php\/wp-json\/wp\/v2\/users\/2"}],"replies":[{"embeddable":true,"href":"https:\/\/www.pd-drava.hr\/index.php\/wp-json\/wp\/v2\/comments?post=15"}],"version-history":[{"count":0,"href":"https:\/\/www.pd-drava.hr\/index.php\/wp-json\/wp\/v2\/pages\/15\/revisions"}],"wp:attachment":[{"href":"https:\/\/www.pd-drava.hr\/index.php\/wp-json\/wp\/v2\/media?parent=15"}],"curies":[{"name":"wp","href":"https:\/\/api.w.org\/{rel}","templated":true}]}}